{"id":104,"date":"2025-04-16T21:40:35","date_gmt":"2025-04-16T19:40:35","guid":{"rendered":"https:\/\/dsaformation.fr\/?page_id=104"},"modified":"2025-04-28T20:03:46","modified_gmt":"2025-04-28T18:03:46","slug":"formation-afgsu-2-3-jours","status":"publish","type":"page","link":"https:\/\/dsaformation.fr\/index.php\/formation-afgsu-2-3-jours\/","title":{"rendered":"AFGSU 2 Formation Initiale"},"content":{"rendered":"<figure class=\"wp-block-post-featured-image\"><img loading=\"lazy\" decoding=\"async\" width=\"640\" height=\"510\" src=\"https:\/\/dsaformation.fr\/wp-content\/uploads\/2025\/04\/IMG_9810.jpg\" class=\"attachment-post-thumbnail size-post-thumbnail wp-post-image\" alt=\"\" style=\"object-fit:cover;\" srcset=\"https:\/\/dsaformation.fr\/wp-content\/uploads\/2025\/04\/IMG_9810.jpg 640w, https:\/\/dsaformation.fr\/wp-content\/uploads\/2025\/04\/IMG_9810-300x239.jpg 300w\" sizes=\"auto, (max-width: 640px) 100vw, 640px\" \/><\/figure>\n\n\n<h2 class=\"wp-block-heading has-text-align-center\">Formez-vous aux gestes d&rsquo;urgence avec l&rsquo;AFGSU Niveau 2<\/h2>\n\n\n\n<p><strong>Vous travaillez dans le domaine de la sant\u00e9 ou vous vous y pr\u00e9parez ?<\/strong> L&rsquo;<strong>AFGSU <\/strong>(Attestation de Formation aux Gestes et Soins d&rsquo;Urgence) <strong>Niveau 2<\/strong> est<strong> la formation essentielle<\/strong> pour savoir <strong>r\u00e9agir efficacement face \u00e0 une urgence m\u00e9dicale,<\/strong> avant l&rsquo;arriv\u00e9e d&rsquo;une \u00e9quipe sp\u00e9cialis\u00e9e.<\/p>\n\n\n\n<p>En tant que professionnel de sant\u00e9, vous serez form\u00e9 \u00e0 <strong>identifier rapidement les signes de d\u00e9tresse vitale, <\/strong>\u00e0 <strong>assurer les premiers soins,<\/strong> et \u00e0 <strong>intervenir de mani\u00e8re coordonn\u00e9e.<\/strong> La formation int\u00e8gre \u00e9galement une pr\u00e9paration aux <strong>situations sanitaires exceptionnelles, <\/strong>telles que les <strong>urgences collectives,<\/strong> les <strong>risques NRBC-E<\/strong> ( nucl\u00e9aire, radiologique, biologique, chimique et explosif) ou encore les <strong>crises sanitaires.<\/strong><\/p>\n\n\n\n<hr class=\"wp-block-separator has-alpha-channel-opacity\"\/>\n\n\n\n<h3 class=\"wp-block-heading\">A qui s&rsquo;adresse cette formation ?<\/h3>\n\n\n\n<ul class=\"wp-block-list\">\n<li>Aux <strong>professionnels de sant\u00e9<\/strong> (infirmiers, m\u00e9decins, kin\u00e9s, orthophonistes, etc.)<\/li>\n\n\n\n<li>Aux <strong>\u00e9tudiants en sant\u00e9<\/strong> (IFSI, \u00e9coles param\u00e9dicales, etc.)<\/li>\n\n\n\n<li>Mais aussi aux <strong>aides m\u00e9dico-psychologiques, accompagnants \u00e9ducatifs et sociaux, assistants de r\u00e9gulation m\u00e9dicale, assistants m\u00e9dicaux, pr\u00e9leveurs sanguins<\/strong> ou encore <strong>auxiliaires ambulanciers.<\/strong><\/li>\n<\/ul>\n\n\n\n<p><a href=\"https:\/\/dsaformation.fr\/index.php\/2025\/04\/17\/quel-afgsu-pour-quel-professionnel\/\">https:\/\/dsaformation.fr\/index.php\/2025\/04\/17\/quel-afgsu-pour-quel-professionnel\/<\/a><\/p>\n\n\n\n<h3 class=\"wp-block-heading\">Objectifs de la formation<\/h3>\n\n\n\n<p>L&rsquo;AFGSU Niveau 2 vous permet d\u2019acqu\u00e9rir les <strong>gestes et r\u00e9flexes indispensables<\/strong> pour :<\/p>\n\n\n\n<ul class=\"wp-block-list\">\n<li>Reconna\u00eetre une <strong>situation d&rsquo;urgence<\/strong> m\u00e9dicale<\/li>\n\n\n\n<li>R\u00e9aliser les <strong>premiers gestes<\/strong> de prises en charge<\/li>\n\n\n\n<li>R\u00e9agir face \u00e0 des <strong>situations exceptionnelles <\/strong>(urgences collectives, crises sanitaires) avec sang-froid et efficacit\u00e9<\/li>\n<\/ul>\n\n\n\n<h3 class=\"wp-block-heading\">Modalit\u00e9s de la formation<\/h3>\n\n\n\n<ul class=\"wp-block-list\">\n<li><strong>Dur\u00e9e :<\/strong> 21 heures, r\u00e9parties sur 3 jours cons\u00e9cutifs<\/li>\n<\/ul>\n\n\n\n<ul class=\"wp-block-list\">\n<li><strong>Groupe : <\/strong>6 \u00e0 12 participants<\/li>\n<\/ul>\n\n\n\n<ul class=\"wp-block-list\">\n<li><strong>Lieu : <\/strong>dans vos locaux ou dans une salle d\u00e9di\u00e9e.<\/li>\n<\/ul>\n\n\n\n<ul class=\"wp-block-list\">\n<li><strong>M\u00e9thode :<\/strong> formation active, bas\u00e9e sur des cas pratiques et des mises en situation<\/li>\n<\/ul>\n\n\n\n<h3 class=\"wp-block-heading\">Validation<\/h3>\n\n\n\n<p>L&rsquo;attestation est d\u00e9livr\u00e9e gr\u00e2ce \u00e0 une <strong>\u00e9valuation continue<\/strong> tout au long de la formation. Elle est valable pendant 4 ans.<\/p>\n\n\n\n<div style=\"height:40px\" aria-hidden=\"true\" class=\"wp-block-spacer\"><\/div>\n\n\n\n<h3 class=\"wp-block-heading\">Et apr\u00e8s ?<\/h3>\n\n\n\n<p>Pour maintenir vos comp\u00e9tences et prolonger votre certification, il suffit de participer \u00e0 <strong>une journ\u00e9e de recyclage (7 heures). <\/strong>Un bon moyen de rafraichir vos r\u00e9flexes et renouveler<strong> votre attestation pour 4 ans suppl\u00e9mentaires.<\/strong><\/p>\n\n\n\n<div style=\"height:46px\" aria-hidden=\"true\" class=\"wp-block-spacer\"><\/div>\n\n\n\n<h3 class=\"wp-block-heading has-text-align-center\"><strong><mark style=\"background-color:rgba(0, 0, 0, 0)\" class=\"has-inline-color has-vivid-red-color\">Simple. Pratique. Indispensable. R\u00e9servez votre session d\u00e8s maintenant.<\/mark><\/strong><\/h3>\n\n\n\n<hr class=\"wp-block-separator has-alpha-channel-opacity\"\/>\n\n\n\n<p class=\"has-text-align-center\">Tarifs et modalit\u00e9s personnalis\u00e9s : <a href=\"https:\/\/dsaformation.fr\/index.php\/formulaire-de-contact\/\" data-type=\"page\" data-id=\"97\">contactez-nous <\/a>!<\/p>\n\n\n\n<div class=\"wp-block-jetpack-tiled-gallery aligncenter is-style-rectangular\"><div class=\"\"><div class=\"tiled-gallery__gallery\"><div class=\"tiled-gallery__row\"><div class=\"tiled-gallery__col\" style=\"flex-basis:69.35448%\"><figure class=\"tiled-gallery__item\"><img decoding=\"async\" srcset=\"https:\/\/i0.wp.com\/dsaformation.fr\/wp-content\/uploads\/2025\/04\/IMG_9814.jpg?strip=info&#038;w=600 600w,https:\/\/i0.wp.com\/dsaformation.fr\/wp-content\/uploads\/2025\/04\/IMG_9814.jpg?strip=info&#038;w=640 640w\" alt=\"\" data-height=\"480\" data-id=\"269\" data-link=\"https:\/\/dsaformation.fr\/index.php\/formation-afgsu-2-3-jours\/img_9814\/\" data-url=\"http:\/\/dsaformation.fr\/wp-content\/uploads\/2025\/04\/IMG_9814.jpg\" data-width=\"640\" src=\"https:\/\/i0.wp.com\/dsaformation.fr\/wp-content\/uploads\/2025\/04\/IMG_9814.jpg\" data-amp-layout=\"responsive\" tabindex=\"0\" role=\"button\" aria-label=\"Ouvrir l\u2019image 1 sur 3 en plein \u00e9cran\"\/><\/figure><\/div><div class=\"tiled-gallery__col\" style=\"flex-basis:30.64552%\"><figure class=\"tiled-gallery__item\"><img decoding=\"async\" srcset=\"https:\/\/i0.wp.com\/dsaformation.fr\/wp-content\/uploads\/2025\/04\/IMG_9812-1.jpg?strip=info&#038;w=600&#038;ssl=1 600w,https:\/\/i0.wp.com\/dsaformation.fr\/wp-content\/uploads\/2025\/04\/IMG_9812-1.jpg?strip=info&#038;w=640&#038;ssl=1 640w\" alt=\"\" data-height=\"602\" data-id=\"277\" data-link=\"https:\/\/dsaformation.fr\/index.php\/formation-afgsu-2-3-jours\/img_9812-2\/\" data-url=\"https:\/\/dsaformation.fr\/wp-content\/uploads\/2025\/04\/IMG_9812-1.jpg\" data-width=\"640\" src=\"https:\/\/i0.wp.com\/dsaformation.fr\/wp-content\/uploads\/2025\/04\/IMG_9812-1.jpg?ssl=1\" data-amp-layout=\"responsive\" tabindex=\"0\" role=\"button\" aria-label=\"Ouvrir l\u2019image 2 sur 3 en plein \u00e9cran\"\/><\/figure><figure class=\"tiled-gallery__item\"><img decoding=\"async\" srcset=\"https:\/\/i0.wp.com\/dsaformation.fr\/wp-content\/uploads\/2025\/04\/IMG_9816-1.jpg?strip=info&#038;w=600&#038;ssl=1 600w,https:\/\/i0.wp.com\/dsaformation.fr\/wp-content\/uploads\/2025\/04\/IMG_9816-1.jpg?strip=info&#038;w=640&#038;ssl=1 640w\" alt=\"\" data-height=\"480\" data-id=\"278\" data-link=\"https:\/\/dsaformation.fr\/index.php\/formation-afgsu-2-3-jours\/img_9816-2\/\" data-url=\"https:\/\/dsaformation.fr\/wp-content\/uploads\/2025\/04\/IMG_9816-1.jpg\" data-width=\"640\" src=\"https:\/\/i0.wp.com\/dsaformation.fr\/wp-content\/uploads\/2025\/04\/IMG_9816-1.jpg?ssl=1\" data-amp-layout=\"responsive\" tabindex=\"0\" role=\"button\" aria-label=\"Ouvrir l\u2019image 3 sur 3 en plein \u00e9cran\"\/><\/figure><\/div><\/div><\/div><\/div><\/div>\n\n\n\n<p><\/p>\n","protected":false},"excerpt":{"rendered":"<p>Formez-vous aux gestes d&rsquo;urgence avec l&rsquo;AFGSU Niveau 2 Vous travaillez dans le domaine de la sant\u00e9 ou vous vous y pr\u00e9parez ? L&rsquo;AFGSU (Attestation de Formation aux Gestes et Soins &hellip; <\/p>\n","protected":false},"author":1,"featured_media":267,"parent":0,"menu_order":0,"comment_status":"closed","ping_status":"closed","template":"","meta":{"advanced_seo_description":"","jetpack_seo_html_title":"","jetpack_seo_noindex":false,"footnotes":""},"class_list":["post-104","page","type-page","status-publish","has-post-thumbnail","hentry"],"jetpack_sharing_enabled":true,"_links":{"self":[{"href":"https:\/\/dsaformation.fr\/index.php\/wp-json\/wp\/v2\/pages\/104","targetHints":{"allow":["GET"]}}],"collection":[{"href":"https:\/\/dsaformation.fr\/index.php\/wp-json\/wp\/v2\/pages"}],"about":[{"href":"https:\/\/dsaformation.fr\/index.php\/wp-json\/wp\/v2\/types\/page"}],"author":[{"embeddable":true,"href":"https:\/\/dsaformation.fr\/index.php\/wp-json\/wp\/v2\/users\/1"}],"replies":[{"embeddable":true,"href":"https:\/\/dsaformation.fr\/index.php\/wp-json\/wp\/v2\/comments?post=104"}],"version-history":[{"count":34,"href":"https:\/\/dsaformation.fr\/index.php\/wp-json\/wp\/v2\/pages\/104\/revisions"}],"predecessor-version":[{"id":667,"href":"https:\/\/dsaformation.fr\/index.php\/wp-json\/wp\/v2\/pages\/104\/revisions\/667"}],"wp:featuredmedia":[{"embeddable":true,"href":"https:\/\/dsaformation.fr\/index.php\/wp-json\/wp\/v2\/media\/267"}],"wp:attachment":[{"href":"https:\/\/dsaformation.fr\/index.php\/wp-json\/wp\/v2\/media?parent=104"}],"curies":[{"name":"wp","href":"https:\/\/api.w.org\/{rel}","templated":true}]}}