{"id":108,"date":"2025-04-16T21:41:08","date_gmt":"2025-04-16T19:41:08","guid":{"rendered":"https:\/\/dsaformation.fr\/?page_id=108"},"modified":"2025-04-25T09:00:06","modified_gmt":"2025-04-25T07:00:06","slug":"mac-sst-1-jour","status":"publish","type":"page","link":"https:\/\/dsaformation.fr\/index.php\/mac-sst-1-jour\/","title":{"rendered":"MAC SST &#8211; Recyclez vos comp\u00e9tences, restez pr\u00eat \u00e0 intervenir"},"content":{"rendered":"\n<h2 class=\"wp-block-heading has-text-align-center\">Votre SST a de 2 ans ? Il est temps de le renouveler !<\/h2>\n\n\n\n<p>Vous avez obtenu votre certificat de Sauveteur Secouriste du Travail (SST) il y a 2 ans ? Cette formation de Maintien et d&rsquo;Actualisation des Comp\u00e9tences (MAC) est faites pour vous ! <\/p>\n\n\n\n<p>En une journ\u00e9e (7 heures), vous prolongez la validit\u00e9 de votre certificat pour 2 ann\u00e9es suppl\u00e9mentaires, tout en actualisant vos connaissances.<\/p>\n\n\n\n<hr class=\"wp-block-separator has-alpha-channel-opacity\"\/>\n\n\n\n<h3 class=\"wp-block-heading\">Objectifs de la journ\u00e9e<\/h3>\n\n\n\n<ul class=\"wp-block-list\">\n<li><strong>Actualiser vos comp\u00e9tences<\/strong> en mati\u00e8re de pr\u00e9vention et de secours<\/li>\n\n\n\n<li><strong>R\u00e9viser et perfectionner les gestes essentiels<\/strong><\/li>\n\n\n\n<li><strong>Renforcer votre efficacit\u00e9 face \u00e0 une situation d&rsquo;urgence<\/strong><\/li>\n<\/ul>\n\n\n\n<h3 class=\"wp-block-heading\">Au programme<\/h3>\n\n\n\n<ul class=\"wp-block-list\">\n<li><strong>Les derni\u00e8res recommandations officielles <\/strong>en mati\u00e8re de secourisme<\/li>\n\n\n\n<li><strong>Des ateliers pratiques<\/strong> pour revoir les gestes et les automatiser<\/li>\n\n\n\n<li><strong>Des \u00e9preuves certificatives<\/strong> pour valider votre maintien de comp\u00e9tences, selon les crit\u00e8res de l&rsquo;INRS<\/li>\n<\/ul>\n\n\n\n<h3 class=\"wp-block-heading\">Une formation rythm\u00e9e, concr\u00e8te et essentielle<\/h3>\n\n\n\n<p>Un format court et impactant pour <strong>rester op\u00e9rationnel, prot\u00e9ger vos coll\u00e8gues<\/strong> et <strong>agir efficacement <\/strong>au travail comme dans votre vie quotidienne.<\/p>\n\n\n\n<div style=\"height:33px\" aria-hidden=\"true\" class=\"wp-block-spacer\"><\/div>\n\n\n\n<h2 class=\"wp-block-heading has-text-align-center\"><strong><mark style=\"background-color:#00d084\" class=\"has-inline-color has-black-color\">Parce qu&rsquo;un bon secouriste, c&rsquo;est un secouriste \u00e0 jour !<\/mark><\/strong><\/h2>\n\n\n\n<hr class=\"wp-block-separator has-alpha-channel-opacity\"\/>\n\n\n\n<p class=\"has-text-align-center\">Contactez-nous pour un accompagnement sur-mesure. <a href=\"https:\/\/dsaformation.fr\/index.php\/formulaire-de-contact\/\" data-type=\"page\" data-id=\"97\">Formulaire de contact<\/a><\/p>\n\n\n\n<p><\/p>\n","protected":false},"excerpt":{"rendered":"<p>Votre SST a de 2 ans ? Il est temps de le renouveler ! Vous avez obtenu votre certificat de Sauveteur Secouriste du Travail (SST) il y a 2 ans &hellip; <\/p>\n","protected":false},"author":1,"featured_media":0,"parent":0,"menu_order":0,"comment_status":"closed","ping_status":"closed","template":"","meta":{"advanced_seo_description":"","jetpack_seo_html_title":"","jetpack_seo_noindex":false,"footnotes":""},"class_list":["post-108","page","type-page","status-publish","hentry"],"jetpack_sharing_enabled":true,"_links":{"self":[{"href":"https:\/\/dsaformation.fr\/index.php\/wp-json\/wp\/v2\/pages\/108","targetHints":{"allow":["GET"]}}],"collection":[{"href":"https:\/\/dsaformation.fr\/index.php\/wp-json\/wp\/v2\/pages"}],"about":[{"href":"https:\/\/dsaformation.fr\/index.php\/wp-json\/wp\/v2\/types\/page"}],"author":[{"embeddable":true,"href":"https:\/\/dsaformation.fr\/index.php\/wp-json\/wp\/v2\/users\/1"}],"replies":[{"embeddable":true,"href":"https:\/\/dsaformation.fr\/index.php\/wp-json\/wp\/v2\/comments?post=108"}],"version-history":[{"count":15,"href":"https:\/\/dsaformation.fr\/index.php\/wp-json\/wp\/v2\/pages\/108\/revisions"}],"predecessor-version":[{"id":663,"href":"https:\/\/dsaformation.fr\/index.php\/wp-json\/wp\/v2\/pages\/108\/revisions\/663"}],"wp:attachment":[{"href":"https:\/\/dsaformation.fr\/index.php\/wp-json\/wp\/v2\/media?parent=108"}],"curies":[{"name":"wp","href":"https:\/\/api.w.org\/{rel}","templated":true}]}}