{"id":114,"date":"2025-04-16T21:40:59","date_gmt":"2025-04-16T19:40:59","guid":{"rendered":"https:\/\/dsaformation.fr\/?page_id=114"},"modified":"2025-04-25T08:58:28","modified_gmt":"2025-04-25T06:58:28","slug":"mac-afgsu-2","status":"publish","type":"page","link":"https:\/\/dsaformation.fr\/index.php\/mac-afgsu-2\/","title":{"rendered":"AFGSU 2 Journ\u00e9e de Recyclage"},"content":{"rendered":"\n<h2 class=\"wp-block-heading has-text-align-center\">Vous avez obtenu votre AFGSU 2 il y a 4 ans, ou vous ressentez le besoin de rafra\u00eechir vos connaissances ?<\/h2>\n\n\n\n<p class=\"has-text-align-left\">Cette journ\u00e9e de <strong>recyclage (7 heures) <\/strong>est faites pour vous ! Dans une ambiance <strong>dynamique et bienveillante,<\/strong> cette session vous permet de <strong>remettre \u00e0 jour vos savoirs,<\/strong> de <strong>retrouver vos automatismes<\/strong> et de <strong>prolonger la validit\u00e9 de votre attestation pour 4 ans suppl\u00e9mentaires.<\/strong><\/p>\n\n\n\n<hr class=\"wp-block-separator has-alpha-channel-opacity\"\/>\n\n\n\n<h3 class=\"wp-block-heading\">Objectifs de la journ\u00e9e<\/h3>\n\n\n\n<ul class=\"wp-block-list\">\n<li>R\u00e9activer les bons gestes et les bons r\u00e9flexes<\/li>\n\n\n\n<li>Se remettre \u00e0 niveau selon les derni\u00e8res recommandations<\/li>\n\n\n\n<li>Reprendre confiance dans sa capacit\u00e9 \u00e0 agir face \u00e0 l&rsquo;urgence<\/li>\n<\/ul>\n\n\n\n<h3 class=\"wp-block-heading\">Au programme<\/h3>\n\n\n\n<ul class=\"wp-block-list\">\n<li>Actualisation des recommandations officielles<\/li>\n\n\n\n<li>R\u00e9vision des gestes d&rsquo;urgence \u00e0 travers des ateliers pratiques intensifs<\/li>\n\n\n\n<li>Exercices concrets pour r\u00e9activer vos automatismes professionnels<\/li>\n<\/ul>\n\n\n\n<h3 class=\"wp-block-heading\">Une journ\u00e9e intense, active et utile<\/h3>\n\n\n\n<p>Parce qu&rsquo;en situation d&rsquo;urgence, chaque seconde compte, cette formation vous aide \u00e0<strong> rester pr\u00eat \u00e0 intervenir efficacement, <\/strong>aussi bien en milieu de soins qu&rsquo;en situation personnelle.<\/p>\n\n\n\n<div style=\"height:31px\" aria-hidden=\"true\" class=\"wp-block-spacer\"><\/div>\n\n\n\n<h2 class=\"wp-block-heading has-text-align-center\"><strong><mark style=\"background-color:rgba(0, 0, 0, 0)\" class=\"has-inline-color has-vivid-red-color\">Gardez vos r\u00e9flexes au top !<\/mark><\/strong><\/h2>\n\n\n\n<hr class=\"wp-block-separator has-alpha-channel-opacity\"\/>\n\n\n\n<p class=\"has-text-align-center\">Besoin d&rsquo;un devis ou de plus d&rsquo;infos ? Parlons-en ! <a href=\"https:\/\/dsaformation.fr\/index.php\/formulaire-de-contact\/\" data-type=\"page\" data-id=\"97\">contactez-nous<\/a><\/p>\n\n\n\n<div class=\"wp-block-columns is-layout-flex wp-container-core-columns-is-layout-9d6595d7 wp-block-columns-is-layout-flex\">\n<div class=\"wp-block-column is-layout-flow wp-block-column-is-layout-flow\" style=\"flex-basis:100%\">\n<figure class=\"wp-block-gallery has-nested-images columns-3 is-cropped is-style-rectangular wp-block-gallery-1 is-layout-flex wp-block-gallery-is-layout-flex\">\n<figure class=\"wp-block-image size-large\"><img loading=\"lazy\" decoding=\"async\" width=\"480\" height=\"640\" data-id=\"310\" src=\"https:\/\/dsaformation.fr\/wp-content\/uploads\/2025\/04\/IMG_9970-2.jpg\" alt=\"\" class=\"wp-image-310\" srcset=\"https:\/\/dsaformation.fr\/wp-content\/uploads\/2025\/04\/IMG_9970-2.jpg 480w, https:\/\/dsaformation.fr\/wp-content\/uploads\/2025\/04\/IMG_9970-2-225x300.jpg 225w\" sizes=\"auto, (max-width: 480px) 100vw, 480px\" \/><\/figure>\n\n\n\n<figure class=\"wp-block-image size-large\"><img loading=\"lazy\" decoding=\"async\" width=\"480\" height=\"640\" data-id=\"287\" src=\"https:\/\/dsaformation.fr\/wp-content\/uploads\/2025\/04\/IMG_4693.jpg\" alt=\"\" class=\"wp-image-287\" srcset=\"https:\/\/dsaformation.fr\/wp-content\/uploads\/2025\/04\/IMG_4693.jpg 480w, https:\/\/dsaformation.fr\/wp-content\/uploads\/2025\/04\/IMG_4693-225x300.jpg 225w\" sizes=\"auto, (max-width: 480px) 100vw, 480px\" \/><\/figure>\n\n\n\n<figure class=\"wp-block-image size-full\"><img loading=\"lazy\" decoding=\"async\" width=\"480\" height=\"640\" data-id=\"283\" src=\"http:\/\/dsaformation.fr\/wp-content\/uploads\/2025\/04\/IMG_9919-2.jpg\" alt=\"\" class=\"wp-image-283\" srcset=\"https:\/\/dsaformation.fr\/wp-content\/uploads\/2025\/04\/IMG_9919-2.jpg 480w, https:\/\/dsaformation.fr\/wp-content\/uploads\/2025\/04\/IMG_9919-2-225x300.jpg 225w\" sizes=\"auto, (max-width: 480px) 100vw, 480px\" \/><\/figure>\n<\/figure>\n<\/div>\n<\/div>\n","protected":false},"excerpt":{"rendered":"<p>Vous avez obtenu votre AFGSU 2 il y a 4 ans, ou vous ressentez le besoin de rafra\u00eechir vos connaissances ? Cette journ\u00e9e de recyclage (7 heures) est faites pour &hellip; <\/p>\n","protected":false},"author":1,"featured_media":0,"parent":0,"menu_order":0,"comment_status":"closed","ping_status":"closed","template":"","meta":{"advanced_seo_description":"","jetpack_seo_html_title":"","jetpack_seo_noindex":false,"footnotes":""},"class_list":["post-114","page","type-page","status-publish","hentry"],"jetpack_sharing_enabled":true,"_links":{"self":[{"href":"https:\/\/dsaformation.fr\/index.php\/wp-json\/wp\/v2\/pages\/114","targetHints":{"allow":["GET"]}}],"collection":[{"href":"https:\/\/dsaformation.fr\/index.php\/wp-json\/wp\/v2\/pages"}],"about":[{"href":"https:\/\/dsaformation.fr\/index.php\/wp-json\/wp\/v2\/types\/page"}],"author":[{"embeddable":true,"href":"https:\/\/dsaformation.fr\/index.php\/wp-json\/wp\/v2\/users\/1"}],"replies":[{"embeddable":true,"href":"https:\/\/dsaformation.fr\/index.php\/wp-json\/wp\/v2\/comments?post=114"}],"version-history":[{"count":19,"href":"https:\/\/dsaformation.fr\/index.php\/wp-json\/wp\/v2\/pages\/114\/revisions"}],"predecessor-version":[{"id":661,"href":"https:\/\/dsaformation.fr\/index.php\/wp-json\/wp\/v2\/pages\/114\/revisions\/661"}],"wp:attachment":[{"href":"https:\/\/dsaformation.fr\/index.php\/wp-json\/wp\/v2\/media?parent=114"}],"curies":[{"name":"wp","href":"https:\/\/api.w.org\/{rel}","templated":true}]}}