{"id":174,"date":"2025-04-16T19:53:00","date_gmt":"2025-04-16T17:53:00","guid":{"rendered":"https:\/\/dsaformation.fr\/?page_id=174"},"modified":"2025-09-25T09:44:01","modified_gmt":"2025-09-25T07:44:01","slug":"formation-afgsu","status":"publish","type":"page","link":"https:\/\/dsaformation.fr\/index.php\/formation-afgsu\/","title":{"rendered":"Formation AFGSU"},"content":{"rendered":"\n<h3 class=\"wp-block-heading\">Pourquoi se former ?<\/h3>\n\n\n\n<p>Les formations <strong>AFGSU (Attestation de Formation aux Gestes et Soins d&rsquo;Urgence) Niveau 1 ou 2<\/strong> vous pr\u00e9parent \u00e0 <strong>r\u00e9agir efficacement<\/strong> face \u00e0 une situation d&rsquo;urgence, qu&rsquo;elle soit <strong>m\u00e9dicale, traumatique ou collective.<\/strong><\/p>\n\n\n\n<p>Elles s&rsquo;adressent aux personnes qui travaillent au sein d&rsquo;un \u00e9tablissement de soin ou d&rsquo;accompagnement, ou aux lib\u00e9raux.<\/p>\n\n\n\n<hr class=\"wp-block-separator has-alpha-channel-opacity\"\/>\n\n\n\n<h3 class=\"wp-block-heading\">Attestation &amp; recyclage<\/h3>\n\n\n\n<ul class=\"wp-block-list\">\n<li><strong>\u00c9valuation continue<\/strong> et <strong>cas pratiques.<\/strong><\/li>\n<\/ul>\n\n\n\n<ul class=\"wp-block-list\">\n<li>Attestation <strong>valable 4 ans.<\/strong><\/li>\n<\/ul>\n\n\n\n<ul class=\"wp-block-list\">\n<li><strong>1 journ\u00e9e de recyclage (7 heures) <\/strong>permet de <strong>prolonger la validit\u00e9 pour 4 ans suppl\u00e9mentaires.<\/strong><\/li>\n<\/ul>\n\n\n\n<h3 class=\"wp-block-heading\">Des comp\u00e9tences utiles partout<\/h3>\n\n\n\n<p class=\"has-text-align-left\">Les automatismes acquis durant cette formation sont imm\u00e9diatement applicables <strong>sur le terrain,<\/strong> mais aussi dans <strong>votre vie personnelle.<\/strong> Parce qu&rsquo;un jour c&rsquo;est vous qui ferez la diff\u00e9rence.<\/p>\n\n\n\n<p class=\"has-text-align-center\"><strong>Des r\u00e9flexes qui sauvent, des comp\u00e9tences qui comptent.<\/strong><\/p>\n\n\n\n<div style=\"height:33px\" aria-hidden=\"true\" class=\"wp-block-spacer\"><\/div>\n\n\n\n<h2 class=\"wp-block-heading has-text-align-center\"><strong><mark style=\"background-color:rgba(0, 0, 0, 0)\" class=\"has-inline-color has-vivid-cyan-blue-color\">Savoir sauver une vie, c&rsquo;est \u00e0 la port\u00e9e de tous. Pourquoi pas vous ?<\/mark><\/strong><\/h2>\n\n\n\n<hr class=\"wp-block-separator has-alpha-channel-opacity\"\/>\n\n\n\n<div class=\"wp-block-columns is-layout-flex wp-container-core-columns-is-layout-9d6595d7 wp-block-columns-is-layout-flex\">\n<div class=\"wp-block-column is-layout-flow wp-block-column-is-layout-flow\" style=\"flex-basis:25%\">\n<p><\/p>\n<\/div>\n\n\n\n<div class=\"wp-block-column is-layout-flow wp-block-column-is-layout-flow\" style=\"flex-basis:50%\">\n<p class=\"has-text-align-left\"><a href=\"https:\/\/dsaformation.fr\/index.php\/formation-afgsu-1-2-jours\/\" data-type=\"page\" data-id=\"106\"><strong><mark style=\"background-color:rgba(0, 0, 0, 0)\" class=\"has-inline-color has-luminous-vivid-orange-color\">AFGSU 1 Initial (14 heures sur 2 jours cons\u00e9cutifs)<\/mark><\/strong><\/a><\/p>\n\n\n\n<p class=\"has-text-align-left\"><a href=\"https:\/\/dsaformation.fr\/index.php\/formation-afgsu-2-3-jours\/\" data-type=\"page\" data-id=\"104\"><strong><mark style=\"background-color:rgba(0, 0, 0, 0)\" class=\"has-inline-color has-vivid-red-color\">AFGSU 2 Initial (21 heures sur 3 jours cons\u00e9cutifs)<\/mark><\/strong><\/a><\/p>\n\n\n\n<p><a href=\"https:\/\/dsaformation.fr\/index.php\/mac-afgsu-1-1-jour\/\" data-type=\"page\" data-id=\"112\"><strong><mark style=\"background-color:rgba(0, 0, 0, 0)\" class=\"has-inline-color has-luminous-vivid-orange-color\">Recyclage AFGSU 1 (7 heures sur 1 jour)<\/mark><\/strong><\/a><\/p>\n\n\n\n<p><a href=\"https:\/\/dsaformation.fr\/index.php\/mac-afgsu-2\/\" data-type=\"page\" data-id=\"114\"><strong><mark style=\"background-color:rgba(0, 0, 0, 0)\" class=\"has-inline-color has-vivid-red-color\">Recyclage AFGSU 2 (7 heures sur 1 jour)<\/mark><\/strong><\/a><\/p>\n<\/div>\n\n\n\n<div class=\"wp-block-column is-layout-flow wp-block-column-is-layout-flow\" style=\"flex-basis:25%\"><\/div>\n<\/div>\n\n\n\n<hr class=\"wp-block-separator has-alpha-channel-opacity\"\/>\n\n\n\n<p><mark style=\"background-color:#7bdcb5\" class=\"has-inline-color\"><strong>Dois je faire l&rsquo;AFGSU 1 ou l&rsquo;AFGSU 2 ?<\/strong><\/mark> <a href=\"https:\/\/dsaformation.fr\/index.php\/2025\/04\/17\/quel-afgsu-pour-quel-professionnel\/\" data-type=\"link\" data-id=\"https:\/\/dsaformation.fr\/index.php\/2025\/04\/17\/quel-afgsu-pour-quel-professionnel\/\">https:\/\/dsaformation.fr\/index.php\/2025\/04\/17\/quel-afgsu-pour-quel-professionnel\/<\/a><\/p>\n\n\n\n<p><\/p>\n","protected":false},"excerpt":{"rendered":"<p>Pourquoi se former ? Les formations AFGSU (Attestation de Formation aux Gestes et Soins d&rsquo;Urgence) Niveau 1 ou 2 vous pr\u00e9parent \u00e0 r\u00e9agir efficacement face \u00e0 une situation d&rsquo;urgence, qu&rsquo;elle &hellip; <\/p>\n","protected":false},"author":1,"featured_media":0,"parent":0,"menu_order":0,"comment_status":"closed","ping_status":"closed","template":"","meta":{"advanced_seo_description":"","jetpack_seo_html_title":"","jetpack_seo_noindex":false,"footnotes":""},"class_list":["post-174","page","type-page","status-publish","hentry"],"jetpack_sharing_enabled":true,"_links":{"self":[{"href":"https:\/\/dsaformation.fr\/index.php\/wp-json\/wp\/v2\/pages\/174","targetHints":{"allow":["GET"]}}],"collection":[{"href":"https:\/\/dsaformation.fr\/index.php\/wp-json\/wp\/v2\/pages"}],"about":[{"href":"https:\/\/dsaformation.fr\/index.php\/wp-json\/wp\/v2\/types\/page"}],"author":[{"embeddable":true,"href":"https:\/\/dsaformation.fr\/index.php\/wp-json\/wp\/v2\/users\/1"}],"replies":[{"embeddable":true,"href":"https:\/\/dsaformation.fr\/index.php\/wp-json\/wp\/v2\/comments?post=174"}],"version-history":[{"count":23,"href":"https:\/\/dsaformation.fr\/index.php\/wp-json\/wp\/v2\/pages\/174\/revisions"}],"predecessor-version":[{"id":680,"href":"https:\/\/dsaformation.fr\/index.php\/wp-json\/wp\/v2\/pages\/174\/revisions\/680"}],"wp:attachment":[{"href":"https:\/\/dsaformation.fr\/index.php\/wp-json\/wp\/v2\/media?parent=174"}],"curies":[{"name":"wp","href":"https:\/\/api.w.org\/{rel}","templated":true}]}}