{"id":176,"date":"2025-04-16T19:53:35","date_gmt":"2025-04-16T17:53:35","guid":{"rendered":"https:\/\/dsaformation.fr\/?page_id=176"},"modified":"2025-04-25T08:58:49","modified_gmt":"2025-04-25T06:58:49","slug":"formation-sst","status":"publish","type":"page","link":"https:\/\/dsaformation.fr\/index.php\/formation-sst\/","title":{"rendered":"Formation SST"},"content":{"rendered":"\n<h3 class=\"wp-block-heading\">Pourquoi se former ?<\/h3>\n\n\n\n<p>La formation<strong> SST (Sauveteur et Secouriste du Travail)<\/strong> <strong>forme les salari\u00e9s \u00e0 pr\u00e9venir les risques professionnels<\/strong> et \u00e0<strong> intervenir rapidement en cas d&rsquo;accident <\/strong>sur le lieu de travail, mais aussi dans votre vie personnelle.<\/p>\n\n\n\n<p>Parce qu&rsquo;en situation d&rsquo;urgence, <strong>chaque minute compte,<\/strong> cette formation, vous donne les r\u00e9flexes essentiels pour prot\u00e9ger, secourir et alerter, tout en devenant acteur de la pr\u00e9vention dans votre entreprise.<\/p>\n\n\n\n<h3 class=\"wp-block-heading\">Objectifs de la formation<\/h3>\n\n\n\n<ul class=\"wp-block-list\">\n<li>Pr\u00e9venir les accidents et les situations \u00e0 risque au travail<\/li>\n\n\n\n<li>Analyser une situation d&rsquo;urgence et porter les premiers secours<\/li>\n\n\n\n<li>Contribuer activement \u00e0 la d\u00e9marche de pr\u00e9vention en entreprise<\/li>\n<\/ul>\n\n\n\n<h3 class=\"wp-block-heading\">Certification &amp; Maintien et actualisation des comp\u00e9tences<\/h3>\n\n\n\n<ul class=\"wp-block-list\">\n<li>Certification <strong>reconnue par l&rsquo;INRS <\/strong>et le <strong>r\u00e9seau Assurance Maladie- Risques professionnels<\/strong><\/li>\n\n\n\n<li><strong>Valable 2 ans.<\/strong><\/li>\n\n\n\n<li><strong>1 journ\u00e9e de recyclage (MAC SST)<\/strong> permet de <strong>prolonger sa validit\u00e9 pour 2 ann\u00e9es suppl\u00e9mentaires<\/strong><\/li>\n<\/ul>\n\n\n\n<div style=\"height:40px\" aria-hidden=\"true\" class=\"wp-block-spacer\"><\/div>\n\n\n\n<h2 class=\"wp-block-heading has-text-align-center\"><strong><mark style=\"background-color:rgba(0, 0, 0, 0)\" class=\"has-inline-color has-vivid-green-cyan-color\">Agir vite, pr\u00e9venir mieux : formez-vous au SST<\/mark><\/strong><\/h2>\n\n\n\n<hr class=\"wp-block-separator has-alpha-channel-opacity\"\/>\n\n\n\n<div class=\"wp-block-columns is-layout-flex wp-container-core-columns-is-layout-9d6595d7 wp-block-columns-is-layout-flex\">\n<div class=\"wp-block-column is-layout-flow wp-block-column-is-layout-flow\" style=\"flex-basis:25%\">\n<p><\/p>\n<\/div>\n\n\n\n<div class=\"wp-block-column is-layout-flow wp-block-column-is-layout-flow\" style=\"flex-basis:50%\">\n<p><a href=\"https:\/\/dsaformation.fr\/index.php\/programme-sst-2-jours\/\" data-type=\"page\" data-id=\"76\"><mark style=\"background-color:rgba(0, 0, 0, 0)\" class=\"has-inline-color has-vivid-green-cyan-color\">SST Initial (14 heures sur 2 jours)<\/mark><\/a><\/p>\n\n\n\n<p><a href=\"https:\/\/dsaformation.fr\/index.php\/mac-sst-1-jour\/\" data-type=\"page\" data-id=\"108\"><mark style=\"background-color:rgba(0, 0, 0, 0)\" class=\"has-inline-color has-vivid-green-cyan-color\">MAC SST (7 heures sur 1 jour)<\/mark><\/a><\/p>\n<\/div>\n\n\n\n<div class=\"wp-block-column is-layout-flow wp-block-column-is-layout-flow\" style=\"flex-basis:25%\"><\/div>\n<\/div>\n\n\n\n<p><\/p>\n","protected":false},"excerpt":{"rendered":"<p>Pourquoi se former ? La formation SST (Sauveteur et Secouriste du Travail) forme les salari\u00e9s \u00e0 pr\u00e9venir les risques professionnels et \u00e0 intervenir rapidement en cas d&rsquo;accident sur le lieu &hellip; <\/p>\n","protected":false},"author":1,"featured_media":0,"parent":0,"menu_order":0,"comment_status":"closed","ping_status":"closed","template":"","meta":{"advanced_seo_description":"","jetpack_seo_html_title":"","jetpack_seo_noindex":false,"footnotes":""},"class_list":["post-176","page","type-page","status-publish","hentry"],"jetpack_sharing_enabled":true,"_links":{"self":[{"href":"https:\/\/dsaformation.fr\/index.php\/wp-json\/wp\/v2\/pages\/176","targetHints":{"allow":["GET"]}}],"collection":[{"href":"https:\/\/dsaformation.fr\/index.php\/wp-json\/wp\/v2\/pages"}],"about":[{"href":"https:\/\/dsaformation.fr\/index.php\/wp-json\/wp\/v2\/types\/page"}],"author":[{"embeddable":true,"href":"https:\/\/dsaformation.fr\/index.php\/wp-json\/wp\/v2\/users\/1"}],"replies":[{"embeddable":true,"href":"https:\/\/dsaformation.fr\/index.php\/wp-json\/wp\/v2\/comments?post=176"}],"version-history":[{"count":12,"href":"https:\/\/dsaformation.fr\/index.php\/wp-json\/wp\/v2\/pages\/176\/revisions"}],"predecessor-version":[{"id":662,"href":"https:\/\/dsaformation.fr\/index.php\/wp-json\/wp\/v2\/pages\/176\/revisions\/662"}],"wp:attachment":[{"href":"https:\/\/dsaformation.fr\/index.php\/wp-json\/wp\/v2\/media?parent=176"}],"curies":[{"name":"wp","href":"https:\/\/api.w.org\/{rel}","templated":true}]}}