{"id":76,"date":"2025-04-16T21:41:27","date_gmt":"2025-04-16T19:41:27","guid":{"rendered":"https:\/\/dsaformation.fr\/?page_id=76"},"modified":"2025-04-25T08:59:57","modified_gmt":"2025-04-25T06:59:57","slug":"programme-sst-2-jours","status":"publish","type":"page","link":"https:\/\/dsaformation.fr\/index.php\/programme-sst-2-jours\/","title":{"rendered":"SST Formation Initiale"},"content":{"rendered":"\n<h2 class=\"wp-block-heading has-text-align-center\">Sauveteur Secouriste du Travail &#8211; Une comp\u00e9tence cl\u00e9 dans toutes les entreprises<\/h2>\n\n\n\n<p>La formation de <strong>Sauveteur Secouriste du Travail (SST) <\/strong>s&rsquo;adresse \u00e0 <strong>tous les salari\u00e9s<\/strong>, <strong>quel que soit leur poste ou leur secteur d&rsquo;activit\u00e9.<\/strong><\/p>\n\n\n\n<p><strong>Aucun pr\u00e9requis n&rsquo;est n\u00e9cessaire.<\/strong><\/p>\n\n\n\n<p>L&rsquo;objectif ? Former des collaborateurs capables d&rsquo;<strong>intervenir efficacement en cas d&rsquo;accident,<\/strong> mais aussi de <strong>jouer un r\u00f4le actif dans la pr\u00e9vention des risques professionnels.<\/strong><\/p>\n\n\n\n<hr class=\"wp-block-separator has-alpha-channel-opacity\"\/>\n\n\n\n<h3 class=\"wp-block-heading\">Objectifs de la formation<\/h3>\n\n\n\n<p>Vous permettre d&rsquo;agir en :<\/p>\n\n\n\n<ul class=\"wp-block-list\">\n<li><strong>Examinant une victime<\/strong> et rep\u00e9rer les signes d&rsquo;urgence vitale.<\/li>\n\n\n\n<li><strong>R\u00e9alisant les bons gestes de secours,<\/strong> en attendant les professionnels.<\/li>\n\n\n\n<li><strong>R\u00e9agissant avec sang-froid et efficacit\u00e9,<\/strong> sur votre lieu de travail comme dans la vie quotidienne.<\/li>\n<\/ul>\n\n\n\n<p>Vous deviendrez un <strong>maillon essentiel de la cha\u00eene de secours,<\/strong> tout en renfor\u00e7ant votre <strong>confiance face \u00e0 l&rsquo;impr\u00e9vu<\/strong>. Vous repartirez des <strong>comp\u00e9tences utiles partout, tout le temps.<\/strong><\/p>\n\n\n\n<div style=\"height:54px\" aria-hidden=\"true\" class=\"wp-block-spacer\"><\/div>\n\n\n\n<h3 class=\"wp-block-heading\">Une p\u00e9dagogie active, ludique et bienveillante<\/h3>\n\n\n\n<p>Apprenez gr\u00e2ce \u00e0 des <strong>mises en situation, des jeux p\u00e9dagogiques<\/strong> et des<strong> ateliers interactifs,<\/strong> Parce que la s\u00e9curit\u00e9, \u00e7a s&rsquo;apprend mieux en bougeant.<\/p>\n\n\n\n<h3 class=\"wp-block-heading\">Modalit\u00e9s de la formation<\/h3>\n\n\n\n<ul class=\"wp-block-list\">\n<li><strong>Public : <\/strong>tous salari\u00e9s, sans distinction de poste<\/li>\n<\/ul>\n\n\n\n<ul class=\"wp-block-list\">\n<li><strong>M\u00e9thode :<\/strong> jeux, ateliers pratiques, mises en situation<\/li>\n<\/ul>\n\n\n\n<ul class=\"wp-block-list\">\n<li><strong>Dur\u00e9e : <\/strong>14 heures r\u00e9parties sur 2 jours cons\u00e9cutifs<\/li>\n<\/ul>\n\n\n\n<ul class=\"wp-block-list\">\n<li><strong>Lieu :<\/strong> en entreprise ou dans une salle d\u00e9di\u00e9e<\/li>\n<\/ul>\n\n\n\n<h3 class=\"wp-block-heading\">\u00c9valuation &amp; certification<\/h3>\n\n\n\n<p>Vous serez \u00e9valu\u00e9 en fin de formation au travers de <strong>situations concr\u00e8tes de mises en pratique, <\/strong>selon les <strong>crit\u00e8res d\u00e9finis par l&rsquo;INRS.<\/strong><\/p>\n\n\n\n<p>A l&rsquo;issue de la formation, vous obtiendrez votre <strong>certificat de Sauveteur Secouriste du Travail, valable 2 ans.<\/strong><\/p>\n\n\n\n<h3 class=\"wp-block-heading\">Et apr\u00e8s ?<\/h3>\n\n\n\n<p>Il vous suffit de participer \u00e0 une <strong>journ\u00e9e de recyclage (MAC SST)<\/strong> d&rsquo;une dur\u00e9e de <strong>7 heures. <\/strong>Un bon moyen de rester efficace, confiant et toujours pr\u00eat \u00e0 intervenir.<\/p>\n\n\n\n<div style=\"height:55px\" aria-hidden=\"true\" class=\"wp-block-spacer\"><\/div>\n\n\n\n<h3 class=\"wp-block-heading has-text-align-center\"><mark style=\"background-color:#00d084\" class=\"has-inline-color has-white-color\"><strong>Devenez le r\u00e9flexe s\u00e9curit\u00e9 de votre entreprise ! Un accident ? Vous saurez quoi faire<\/strong>.<\/mark><\/h3>\n\n\n\n<hr class=\"wp-block-separator has-alpha-channel-opacity\"\/>\n\n\n\n<p class=\"has-text-align-center\">Chaque entreprise est unique : \u00e9crivez-nous pour un tarif adapt\u00e9.<em> <\/em><a href=\"https:\/\/dsaformation.fr\/index.php\/formulaire-de-contact\/\" data-type=\"page\" data-id=\"97\">contactez-nous<\/a><\/p>\n\n\n\n<div class=\"wp-block-jetpack-tiled-gallery aligncenter is-style-rectangular\"><div class=\"\"><div class=\"tiled-gallery__gallery\"><div class=\"tiled-gallery__row\"><div class=\"tiled-gallery__col\" style=\"flex-basis:29.27385%\"><figure class=\"tiled-gallery__item\"><img decoding=\"async\" srcset=\"https:\/\/i0.wp.com\/dsaformation.fr\/wp-content\/uploads\/2025\/04\/IMG_4694-1.jpg?strip=info&#038;w=480&#038;ssl=1 480w\" alt=\"\" data-height=\"640\" data-id=\"309\" data-link=\"https:\/\/dsaformation.fr\/index.php\/formation-sst\/img_4694-2\/\" data-url=\"https:\/\/dsaformation.fr\/wp-content\/uploads\/2025\/04\/IMG_4694-1.jpg\" data-width=\"480\" src=\"https:\/\/i0.wp.com\/dsaformation.fr\/wp-content\/uploads\/2025\/04\/IMG_4694-1.jpg?ssl=1\" data-amp-layout=\"responsive\" tabindex=\"0\" role=\"button\" aria-label=\"Ouvrir l\u2019image 1 sur 3 en plein \u00e9cran\"\/><\/figure><\/div><div class=\"tiled-gallery__col\" style=\"flex-basis:29.27385%\"><figure class=\"tiled-gallery__item\"><img decoding=\"async\" srcset=\"https:\/\/i0.wp.com\/dsaformation.fr\/wp-content\/uploads\/2025\/04\/IMG_9970-2.jpg?strip=info&#038;w=480&#038;ssl=1 480w\" alt=\"\" data-height=\"640\" data-id=\"310\" data-link=\"https:\/\/dsaformation.fr\/index.php\/formation-sst\/img_9970-3\/\" data-url=\"https:\/\/dsaformation.fr\/wp-content\/uploads\/2025\/04\/IMG_9970-2.jpg\" data-width=\"480\" src=\"https:\/\/i0.wp.com\/dsaformation.fr\/wp-content\/uploads\/2025\/04\/IMG_9970-2.jpg?ssl=1\" data-amp-layout=\"responsive\" tabindex=\"0\" role=\"button\" aria-label=\"Ouvrir l\u2019image 2 sur 3 en plein \u00e9cran\"\/><\/figure><\/div><div class=\"tiled-gallery__col\" style=\"flex-basis:41.45231%\"><figure class=\"tiled-gallery__item\"><img decoding=\"async\" srcset=\"https:\/\/i0.wp.com\/dsaformation.fr\/wp-content\/uploads\/2025\/04\/IMG_9812-2.jpg?strip=info&#038;w=600&#038;ssl=1 600w,https:\/\/i0.wp.com\/dsaformation.fr\/wp-content\/uploads\/2025\/04\/IMG_9812-2.jpg?strip=info&#038;w=640&#038;ssl=1 640w\" alt=\"\" data-height=\"602\" data-id=\"311\" data-link=\"https:\/\/dsaformation.fr\/index.php\/formation-sst\/img_9812-3\/\" data-url=\"https:\/\/dsaformation.fr\/wp-content\/uploads\/2025\/04\/IMG_9812-2.jpg\" data-width=\"640\" src=\"https:\/\/i0.wp.com\/dsaformation.fr\/wp-content\/uploads\/2025\/04\/IMG_9812-2.jpg?ssl=1\" data-amp-layout=\"responsive\" tabindex=\"0\" role=\"button\" aria-label=\"Ouvrir l\u2019image 3 sur 3 en plein \u00e9cran\"\/><\/figure><\/div><\/div><\/div><\/div><\/div>\n","protected":false},"excerpt":{"rendered":"<p>Sauveteur Secouriste du Travail &#8211; Une comp\u00e9tence cl\u00e9 dans toutes les entreprises La formation de Sauveteur Secouriste du Travail (SST) s&rsquo;adresse \u00e0 tous les salari\u00e9s, quel que soit leur poste &hellip; <\/p>\n","protected":false},"author":1,"featured_media":0,"parent":0,"menu_order":0,"comment_status":"closed","ping_status":"closed","template":"","meta":{"advanced_seo_description":"","jetpack_seo_html_title":"","jetpack_seo_noindex":false,"footnotes":""},"class_list":["post-76","page","type-page","status-publish","hentry"],"jetpack_sharing_enabled":true,"_links":{"self":[{"href":"https:\/\/dsaformation.fr\/index.php\/wp-json\/wp\/v2\/pages\/76","targetHints":{"allow":["GET"]}}],"collection":[{"href":"https:\/\/dsaformation.fr\/index.php\/wp-json\/wp\/v2\/pages"}],"about":[{"href":"https:\/\/dsaformation.fr\/index.php\/wp-json\/wp\/v2\/types\/page"}],"author":[{"embeddable":true,"href":"https:\/\/dsaformation.fr\/index.php\/wp-json\/wp\/v2\/users\/1"}],"replies":[{"embeddable":true,"href":"https:\/\/dsaformation.fr\/index.php\/wp-json\/wp\/v2\/comments?post=76"}],"version-history":[{"count":19,"href":"https:\/\/dsaformation.fr\/index.php\/wp-json\/wp\/v2\/pages\/76\/revisions"}],"predecessor-version":[{"id":665,"href":"https:\/\/dsaformation.fr\/index.php\/wp-json\/wp\/v2\/pages\/76\/revisions\/665"}],"wp:attachment":[{"href":"https:\/\/dsaformation.fr\/index.php\/wp-json\/wp\/v2\/media?parent=76"}],"curies":[{"name":"wp","href":"https:\/\/api.w.org\/{rel}","templated":true}]}}